{"id":3,"date":"2025-04-25T16:51:15","date_gmt":"2025-04-25T16:51:15","guid":{"rendered":"https:\/\/pematechnik.cz\/?page_id=3"},"modified":"2025-08-21T20:20:37","modified_gmt":"2025-08-21T20:20:37","slug":"zasady-ochrany-osobnich-udaju","status":"publish","type":"page","link":"https:\/\/pematechnik.cz\/fr\/zasady-ochrany-osobnich-udaju\/","title":{"rendered":"GDPR - Politique de confidentialit\u00e9"},"content":{"rendered":"<div data-elementor-type=\"wp-page\" data-elementor-id=\"3\" class=\"elementor elementor-3\" data-elementor-post-type=\"page\">\n\t\t\t\t<div class=\"elementor-element elementor-element-1a3ddb21 e-flex e-con-boxed e-con e-parent\" data-id=\"1a3ddb21\" data-element_type=\"container\" data-e-type=\"container\">\n\t\t\t\t\t<div class=\"e-con-inner\">\n\t\t\t\t<div class=\"elementor-element elementor-element-55eacf5 elementor-widget elementor-widget-theme-post-title elementor-page-title elementor-widget-heading\" data-id=\"55eacf5\" data-element_type=\"widget\" data-e-type=\"widget\" data-widget_type=\"theme-post-title.default\">\n\t\t\t\t<div class=\"elementor-widget-container\">\n\t\t\t\t\t<h2 class=\"elementor-heading-title elementor-size-default\">GDPR - Politique de confidentialit\u00e9<\/h2>\t\t\t\t<\/div>\n\t\t\t\t<\/div>\n\t\t\t\t<div class=\"elementor-element elementor-element-312713eb elementor-widget elementor-widget-text-editor\" data-id=\"312713eb\" data-element_type=\"widget\" data-e-type=\"widget\" data-widget_type=\"text-editor.default\">\n\t\t\t\t<div class=\"elementor-widget-container\">\n\t\t\t\t\t\t\t\t\t\r\n<h3 class=\"wp-block-heading\" data-start=\"205\" data-end=\"219\">Qui sommes-nous?<\/h3>\r\n<p data-start=\"220\" data-end=\"531\">Site web: <a class=\"\" href=\"https:\/\/pematechnik.cz\/fr\/\" target=\"_new\" rel=\"noopener\" data-start=\"236\" data-end=\"292\">https:\/\/www.pematechnik.cz<\/a><br data-start=\"292\" data-end=\"295\" \/>Op\u00e9rateur: <strong data-start=\"309\" data-end=\"333\">PEMA TECHNIK, s.r.o.<\/strong><br data-start=\"333\" data-end=\"336\" \/>Si\u00e8ge : Anton\u00edn Va\u0161ka 184, 747 92 H\u00e1j ve Slezsku \u2013 Smolkov<br data-start=\"394\" data-end=\"397\" \/>Num\u00e9ro d\u2019enregistrement: 29463181<br data-start=\"410\" data-end=\"413\" \/>Bo\u00eete de donn\u00e9es: kywra2g<br data-start=\"437\" data-end=\"440\" \/>Courrier \u00e9lectronique: <a class=\"cursor-pointer\" rel=\"noopener\" data-start=\"448\" data-end=\"501\">p.machovsky@seznam.cz<\/a><br data-start=\"501\" data-end=\"504\" \/>T\u00e9l\u00e9phone : +420 724 023 173<\/p>\r\n<hr data-start=\"533\" data-end=\"536\" \/>\r\n<h3 data-start=\"538\" data-end=\"580\">Quelles donn\u00e9es personnelles nous collectons et pourquoi<\/h3>\r\n<p data-start=\"582\" data-end=\"628\">Nous collectons les types de donn\u00e9es personnelles suivants:<\/p>\r\n<ul data-start=\"630\" data-end=\"962\">\r\n<li data-start=\"630\" data-end=\"713\">\r\n<p data-start=\"632\" data-end=\"713\"><strong data-start=\"632\" data-end=\"651\">Coordonn\u00e9es<\/strong> (nom, adresse \u00e9lectronique, t\u00e9l\u00e9phone) \u2013 lors de l\u2019envoi du formulaire de contact<\/p>\r\n<\/li>\r\n<li data-start=\"714\" data-end=\"818\">\r\n<p data-start=\"716\" data-end=\"818\"><strong data-start=\"716\" data-end=\"735\">Donn\u00e9es techniques<\/strong> (adresse IP, cookies, donn\u00e9es de l\u2019appareil) \u2013 pour garantir la fonctionnalit\u00e9 et l\u2019analyse du site web<\/p>\r\n<\/li>\r\n<li data-start=\"819\" data-end=\"895\">\r\n<p data-start=\"821\" data-end=\"895\"><strong data-start=\"821\" data-end=\"854\">D\u00e9tails des commandes\/services<\/strong> \u2013 si une ordonnance ou une demande est pendante<\/p>\r\n<\/li>\r\n<li data-start=\"896\" data-end=\"962\">\r\n<p data-start=\"898\" data-end=\"962\"><strong data-start=\"898\" data-end=\"927\">Informations comptables et de facturation<\/strong> \u2013 pour se conformer aux obligations l\u00e9gales<\/p>\r\n<\/li>\r\n<\/ul>\r\n<p data-start=\"964\" data-end=\"995\">Nous collectons des donn\u00e9es bas\u00e9es sur:<\/p>\r\n<ul data-start=\"996\" data-end=\"1142\">\r\n<li data-start=\"996\" data-end=\"1016\">\r\n<p data-start=\"998\" data-end=\"1016\"><strong data-start=\"998\" data-end=\"1016\">ex\u00e9cution du contrat<\/strong><\/p>\r\n<\/li>\r\n<li data-start=\"1017\" data-end=\"1041\">\r\n<p data-start=\"1019\" data-end=\"1041\"><strong data-start=\"1019\" data-end=\"1041\">obligations l\u00e9gales<\/strong><\/p>\r\n<\/li>\r\n<li data-start=\"1042\" data-end=\"1096\">\r\n<p data-start=\"1044\" data-end=\"1096\"><strong data-start=\"1044\" data-end=\"1065\">un int\u00e9r\u00eat l\u00e9gitime<\/strong> (par exemple, protection contre les abus)<\/p>\r\n<\/li>\r\n<li data-start=\"1097\" data-end=\"1142\">\r\n<p data-start=\"1099\" data-end=\"1142\"><strong data-start=\"1099\" data-end=\"1111\">consentement<\/strong> (par exemple, cookies et marketing)<\/p>\r\n<\/li>\r\n<\/ul>\r\n<hr data-start=\"1144\" data-end=\"1147\" \/>\r\n<h3 data-start=\"1149\" data-end=\"1164\">Commentaires<\/h3>\r\n<p data-start=\"1165\" data-end=\"1261\">Nous n'autorisons pas les commentaires sur ce site, nous ne collectons donc aucune donn\u00e9e de cette mani\u00e8re.<\/p>\r\n<hr data-start=\"1263\" data-end=\"1266\" \/>\r\n<h3 data-start=\"1268\" data-end=\"1279\">M\u00e9dias<\/h3>\r\n<p data-start=\"1280\" data-end=\"1328\">Les visiteurs ne peuvent pas t\u00e9l\u00e9charger de m\u00e9dias sur ce site Web.<\/p>\r\n<hr data-start=\"1330\" data-end=\"1333\" \/>\r\n<h3 data-start=\"1335\" data-end=\"1360\">Formulaires de contact<\/h3>\r\n<p data-start=\"1361\" data-end=\"1549\">Lors de la soumission du formulaire de contact, nous stockons les donn\u00e9es soumises (nom, e-mail, message) pendant 6 mois \u00e0 des fins de communication. Ces donn\u00e9es ne sont pas utilis\u00e9es \u00e0 des fins de marketing sans consentement.<\/p>\r\n<hr data-start=\"1551\" data-end=\"1554\" \/>\r\n<h3 data-start=\"1556\" data-end=\"1569\">Cookies<\/h3>\r\n<p data-start=\"1570\" data-end=\"1608\">Ce site Web peut utiliser des cookies pour:<\/p>\r\n<ul data-start=\"1609\" data-end=\"1707\">\r\n<li data-start=\"1609\" data-end=\"1637\">\r\n<p data-start=\"1611\" data-end=\"1637\"><strong data-start=\"1611\" data-end=\"1635\">fonctions de base du site<\/strong><\/p>\r\n<\/li>\r\n<li data-start=\"1638\" data-end=\"1687\">\r\n<p data-start=\"1640\" data-end=\"1687\"><strong data-start=\"1640\" data-end=\"1685\">\u00e0 des fins d'analyse (p. ex. Google Analytics)<\/strong><\/p>\r\n<\/li>\r\n<li data-start=\"1688\" data-end=\"1707\">\r\n<p data-start=\"1690\" data-end=\"1707\"><strong data-start=\"1690\" data-end=\"1705\">s\u00e9curit\u00e9<\/strong><\/p>\r\n<\/li>\r\n<\/ul>\r\n<p data-start=\"1709\" data-end=\"1802\">Lors de la premi\u00e8re visite sur le site Web, le visiteur est inform\u00e9 de l'utilisation des cookies et a la possibilit\u00e9 de les g\u00e9rer.<\/p>\r\n<hr data-start=\"1804\" data-end=\"1807\" \/>\r\n<h3 data-start=\"1809\" data-end=\"1824\">Analytique<\/h3>\r\n<p data-start=\"1825\" data-end=\"2015\">Nous utilisons le service <strong data-start=\"1842\" data-end=\"1862\">Google Analytics<\/strong>, ce qui nous aide \u00e0 surveiller le comportement anonyme des visiteurs. Les utilisateurs peuvent se d\u00e9connecter en utilisant <a class=\"cursor-pointer\" target=\"_new\" rel=\"noopener\" data-start=\"1955\" data-end=\"2014\">Outils de Google<\/a>.<\/p>\r\n<hr data-start=\"2017\" data-end=\"2020\" \/>\r\n<h3 data-start=\"2022\" data-end=\"2052\">Avec qui partageons-nous vos donn\u00e9es?<\/h3>\r\n<p data-start=\"2053\" data-end=\"2103\">Les donn\u00e9es peuvent \u00eatre partag\u00e9es avec les tiers suivants:<\/p>\r\n<ul data-start=\"2104\" data-end=\"2239\">\r\n<li data-start=\"2104\" data-end=\"2130\">\r\n<p data-start=\"2106\" data-end=\"2130\">Soci\u00e9t\u00e9 d'h\u00e9bergement web<\/p>\r\n<\/li>\r\n<li data-start=\"2131\" data-end=\"2182\">\r\n<p data-start=\"2133\" data-end=\"2182\">Fournisseur d'outils analytiques (p. ex. Google)<\/p>\r\n<\/li>\r\n<li data-start=\"2183\" data-end=\"2239\">\r\n<p data-start=\"2185\" data-end=\"2239\">Alternativement, un cabinet comptable pour se conformer aux obligations l\u00e9gales<\/p>\r\n<\/li>\r\n<\/ul>\r\n<p data-start=\"2241\" data-end=\"2309\">Toutes ces entit\u00e9s sont li\u00e9es par l'obligation de prot\u00e9ger les donn\u00e9es personnelles.<\/p>\r\n<hr data-start=\"2311\" data-end=\"2314\" \/>\r\n<h3 data-start=\"2316\" data-end=\"2354\">Combien de temps conservons-nous vos donn\u00e9es?<\/h3>\r\n<ul data-start=\"2355\" data-end=\"2535\">\r\n<li data-start=\"2355\" data-end=\"2402\">\r\n<p data-start=\"2357\" data-end=\"2402\">Donn\u00e9es provenant des formulaires de contact: <strong data-start=\"2388\" data-end=\"2400\">6 mois<\/strong><\/p>\r\n<\/li>\r\n<li data-start=\"2403\" data-end=\"2448\">\r\n<p data-start=\"2405\" data-end=\"2448\">D\u00e9tails de facturation: <strong data-start=\"2423\" data-end=\"2446\">10 ans (selon la loi)<\/strong><\/p>\r\n<\/li>\r\n<li data-start=\"2449\" data-end=\"2502\">\r\n<p data-start=\"2451\" data-end=\"2502\">Cookies : Selon leur validit\u00e9 (g\u00e9n\u00e9ralement jusqu'\u00e0 1 an)<\/p>\r\n<\/li>\r\n<li data-start=\"2503\" data-end=\"2535\">\r\n<p data-start=\"2505\" data-end=\"2535\">Donn\u00e9es analytiques: <strong data-start=\"2522\" data-end=\"2535\">12 mois<\/strong><\/p>\r\n<\/li>\r\n<\/ul>\r\n<hr data-start=\"2537\" data-end=\"2540\" \/>\r\n<h3 data-start=\"2542\" data-end=\"2564\">Quels sont vos droits?<\/h3>\r\n<p data-start=\"2565\" data-end=\"2576\">Vous avez le droit de:<\/p>\r\n<ul data-start=\"2577\" data-end=\"2752\">\r\n<li data-start=\"2577\" data-end=\"2606\">\r\n<p data-start=\"2579\" data-end=\"2606\">Acc\u00e8s aux donn\u00e9es personnelles<\/p>\r\n<\/li>\r\n<li data-start=\"2607\" data-end=\"2635\">\r\n<p data-start=\"2609\" data-end=\"2635\">Correction de donn\u00e9es inexactes<\/p>\r\n<\/li>\r\n<li data-start=\"2636\" data-end=\"2668\">\r\n<p data-start=\"2638\" data-end=\"2668\">Droit \u00e0 l'oubli (droit \u00e0 l'oubli)<\/p>\r\n<\/li>\r\n<li data-start=\"2669\" data-end=\"2692\">\r\n<p data-start=\"2671\" data-end=\"2692\">Restriction du traitement<\/p>\r\n<\/li>\r\n<li data-start=\"2693\" data-end=\"2726\">\r\n<p data-start=\"2695\" data-end=\"2726\">Objection au traitement<\/p>\r\n<\/li>\r\n<li data-start=\"2727\" data-end=\"2752\">\r\n<p data-start=\"2729\" data-end=\"2752\">Sur la portabilit\u00e9 des donn\u00e9es<\/p>\r\n<\/li>\r\n<\/ul>\r\n<p data-start=\"2754\" data-end=\"2867\">En cas de doute sur la lic\u00e9it\u00e9 du traitement, vous pouvez contacter l'Office pour la protection des donn\u00e9es personnelles (<a class=\"\" href=\"http:\/\/www.uoou.cz\" target=\"_new\" rel=\"noopener\" data-start=\"2854\" data-end=\"2865\">www.uoou.cz<\/a>).<\/p>\r\n<hr data-start=\"2869\" data-end=\"2872\" \/>\r\n<h3 data-start=\"2874\" data-end=\"2902\">O\u00f9 nous envoyons vos donn\u00e9es<\/h3>\r\n<p data-start=\"2903\" data-end=\"3088\">Les donn\u00e9es sont trait\u00e9es et stock\u00e9es au sein de l'UE. Si la transmission a lieu en dehors de l'UE, nous assurons une protection ad\u00e9quate en vertu du droit applicable (par exemple, les clauses contractuelles types).<\/p>\r\n<hr data-start=\"3090\" data-end=\"3093\" \/>\r\n<h3 data-start=\"3095\" data-end=\"3131\">Comment nous prot\u00e9geons vos donn\u00e9es personnelles<\/h3>\r\n<ul data-start=\"3132\" data-end=\"3325\">\r\n<li data-start=\"3132\" data-end=\"3175\">\r\n<p data-start=\"3134\" data-end=\"3175\">Certificat SSL pour le transfert de donn\u00e9es crypt\u00e9es<\/p>\r\n<\/li>\r\n<li data-start=\"3176\" data-end=\"3224\">\r\n<p data-start=\"3178\" data-end=\"3224\">Protection des acc\u00e8s \u00e0 l'interface d'administration<\/p>\r\n<\/li>\r\n<li data-start=\"3225\" data-end=\"3269\">\r\n<p data-start=\"3227\" data-end=\"3269\">Mises \u00e0 jour r\u00e9guli\u00e8res du syst\u00e8me et des plugins<\/p>\r\n<\/li>\r\n<li data-start=\"3270\" data-end=\"3325\">\r\n<p data-start=\"3272\" data-end=\"3325\">S\u00e9curit\u00e9 physique des serveurs du fournisseur d'h\u00e9bergement web<\/p>\r\n<\/li>\r\n<\/ul>\r\n<hr data-start=\"3327\" data-end=\"3330\" \/>\r\n<h3 data-start=\"3332\" data-end=\"3375\">Quelles sont nos proc\u00e9dures pour la fuite d'informations<\/h3>\r\n<p data-start=\"3376\" data-end=\"3515\">En cas d'incident, nous informerons imm\u00e9diatement l'Office de protection des donn\u00e9es personnelles et les personnes concern\u00e9es si des donn\u00e9es sensibles ont \u00e9t\u00e9 divulgu\u00e9es.<\/p>\r\n<hr data-start=\"3517\" data-end=\"3520\" \/>\r\n<h3 data-start=\"3522\" data-end=\"3575\">\u00c0 partir de quels tiers obtenons-nous des donn\u00e9es personnelles?<\/h3>\r\n<p data-start=\"3576\" data-end=\"3624\">Nous ne collectons aucune donn\u00e9e personnelle de tiers.<\/p>\r\n<hr data-start=\"3626\" data-end=\"3629\" \/>\r\n<h3 data-start=\"3631\" data-end=\"3677\">Prise de d\u00e9cision et profilage automatis\u00e9s<\/h3>\r\n<p data-start=\"3678\" data-end=\"3743\">Il n'y a pas de prise de d\u00e9cision ou de profilage automatis\u00e9.<\/p>\r\n<hr data-start=\"3745\" data-end=\"3748\" \/>\r\n<h3 data-start=\"3750\" data-end=\"3798\">Obligation d'information de l'industrie r\u00e9glement\u00e9e<\/h3>\r\n<p data-start=\"3799\" data-end=\"3904\">Notre soci\u00e9t\u00e9 n'est pas membre de l'industrie r\u00e9glement\u00e9e et n'est pas soumise \u00e0 une l\u00e9gislation sp\u00e9cifique dans ce domaine.<\/p>\t\t\t\t\t\t\t\t<\/div>\n\t\t\t\t<\/div>\n\t\t\t\t\t<\/div>\n\t\t\t\t<\/div>\n\t\t\t\t<\/div>","protected":false},"excerpt":{"rendered":"<p>Qui sommes-nous Site web: https:\/\/www.pematechnik.czOp\u00e9rateur: PEMA TECHNIK, s.r.o. Anton\u00edn Va\u0161ka 184, 747 92 H\u00e1j ve Slezsku \u2013 SmolkovI\u010cO: 29463181Bo\u00eete de donn\u00e9es: kywra2gE-mail: p.machovsky@seznam.czT\u00e9l\u00e9phone: +420 724 023 173 Quelles donn\u00e9es personnelles nous collectons et pourquoi nous collectons les types de donn\u00e9es personnelles suivants: Coordonn\u00e9es (nom, e-mail, t\u00e9l\u00e9phone) \u2013 lors de la soumission du formulaire de contact Coordonn\u00e9es techniques (adresse IP, cookies, d\u00e9tails de l\u2019appareil) [...]<\/p>","protected":false},"author":1,"featured_media":0,"parent":0,"menu_order":0,"comment_status":"closed","ping_status":"open","template":"","meta":{"site-sidebar-layout":"default","site-content-layout":"","ast-site-content-layout":"default","site-content-style":"default","site-sidebar-style":"default","ast-global-header-display":"","ast-banner-title-visibility":"","ast-main-header-display":"","ast-hfb-above-header-display":"","ast-hfb-below-header-display":"","ast-hfb-mobile-header-display":"","site-post-title":"","ast-breadcrumbs-content":"","ast-featured-img":"","footer-sml-layout":"","ast-disable-related-posts":"","theme-transparent-header-meta":"disabled","adv-header-id-meta":"","stick-header-meta":"","header-above-stick-meta":"","header-main-stick-meta":"","header-below-stick-meta":"","astra-migrate-meta-layouts":"set","ast-page-background-enabled":"default","ast-page-background-meta":{"desktop":{"background-color":"","background-image":"","background-repeat":"repeat","background-position":"center center","background-size":"auto","background-attachment":"scroll","background-type":"","background-media":"","overlay-type":"","overlay-color":"","overlay-opacity":"","overlay-gradient":""},"tablet":{"background-color":"","background-image":"","background-repeat":"repeat","background-position":"center center","background-size":"auto","background-attachment":"scroll","background-type":"","background-media":"","overlay-type":"","overlay-color":"","overlay-opacity":"","overlay-gradient":""},"mobile":{"background-color":"","background-image":"","background-repeat":"repeat","background-position":"center center","background-size":"auto","background-attachment":"scroll","background-type":"","background-media":"","overlay-type":"","overlay-color":"","overlay-opacity":"","overlay-gradient":""}},"ast-content-background-meta":{"desktop":{"background-color":"var(--ast-global-color-5)","background-image":"","background-repeat":"repeat","background-position":"center center","background-size":"auto","background-attachment":"scroll","background-type":"","background-media":"","overlay-type":"","overlay-color":"","overlay-opacity":"","overlay-gradient":""},"tablet":{"background-color":"var(--ast-global-color-5)","background-image":"","background-repeat":"repeat","background-position":"center center","background-size":"auto","background-attachment":"scroll","background-type":"","background-media":"","overlay-type":"","overlay-color":"","overlay-opacity":"","overlay-gradient":""},"mobile":{"background-color":"var(--ast-global-color-5)","background-image":"","background-repeat":"repeat","background-position":"center center","background-size":"auto","background-attachment":"scroll","background-type":"","background-media":"","overlay-type":"","overlay-color":"","overlay-opacity":"","overlay-gradient":""}},"footnotes":""},"class_list":["post-3","page","type-page","status-publish","hentry"],"_links":{"self":[{"href":"https:\/\/pematechnik.cz\/fr\/wp-json\/wp\/v2\/pages\/3","targetHints":{"allow":["GET"]}}],"collection":[{"href":"https:\/\/pematechnik.cz\/fr\/wp-json\/wp\/v2\/pages"}],"about":[{"href":"https:\/\/pematechnik.cz\/fr\/wp-json\/wp\/v2\/types\/page"}],"author":[{"embeddable":true,"href":"https:\/\/pematechnik.cz\/fr\/wp-json\/wp\/v2\/users\/1"}],"replies":[{"embeddable":true,"href":"https:\/\/pematechnik.cz\/fr\/wp-json\/wp\/v2\/comments?post=3"}],"version-history":[{"count":11,"href":"https:\/\/pematechnik.cz\/fr\/wp-json\/wp\/v2\/pages\/3\/revisions"}],"predecessor-version":[{"id":2631,"href":"https:\/\/pematechnik.cz\/fr\/wp-json\/wp\/v2\/pages\/3\/revisions\/2631"}],"wp:attachment":[{"href":"https:\/\/pematechnik.cz\/fr\/wp-json\/wp\/v2\/media?parent=3"}],"curies":[{"name":"wp","href":"https:\/\/api.w.org\/{rel}","templated":true}]}}