{"id":1539,"date":"2025-05-26T15:49:05","date_gmt":"2025-05-26T15:49:05","guid":{"rendered":"https:\/\/pematechnik.cz\/?page_id=1539"},"modified":"2025-08-21T20:20:07","modified_gmt":"2025-08-21T20:20:07","slug":"certifikaty","status":"publish","type":"page","link":"https:\/\/pematechnik.cz\/fr\/certifikaty\/","title":{"rendered":"Certificats"},"content":{"rendered":"<div data-elementor-type=\"wp-page\" data-elementor-id=\"1539\" class=\"elementor elementor-1539\" data-elementor-post-type=\"page\">\n\t\t\t\t<div class=\"elementor-element elementor-element-14e3f283 e-flex e-con-boxed e-con e-parent\" data-id=\"14e3f283\" data-element_type=\"container\" data-e-type=\"container\">\n\t\t\t\t\t<div class=\"e-con-inner\">\n\t\t\t\t<div class=\"elementor-element elementor-element-26aecbf elementor-widget elementor-widget-theme-post-title elementor-page-title elementor-widget-heading\" data-id=\"26aecbf\" data-element_type=\"widget\" data-e-type=\"widget\" data-widget_type=\"theme-post-title.default\">\n\t\t\t\t<div class=\"elementor-widget-container\">\n\t\t\t\t\t<h2 class=\"elementor-heading-title elementor-size-default\">Certificats<\/h2>\t\t\t\t<\/div>\n\t\t\t\t<\/div>\n\t\t\t\t<div class=\"elementor-element elementor-element-49a57804 elementor-widget elementor-widget-text-editor\" data-id=\"49a57804\" data-element_type=\"widget\" data-e-type=\"widget\" data-widget_type=\"text-editor.default\">\n\t\t\t\t<div class=\"elementor-widget-container\">\n\t\t\t\t\t\t\t\t\t<p data-start=\"1742\" data-end=\"1877\">Nous croyons en la qualit\u00e9 et l'approche professionnelle. Nous d\u00e9tenons des certificats qui confirment nos capacit\u00e9s professionnelles, notre fiabilit\u00e9 et nos normes de travail.<\/p>\r\n<p data-start=\"1879\" data-end=\"1915\"><strong data-start=\"1879\" data-end=\"1915\">Nos certifications comprennent, par exemple:<\/strong><\/p>\r\n\r\n<ul data-start=\"1916\" data-end=\"2039\">\r\n \t<li data-start=\"1916\" data-end=\"1952\">\r\n<p data-start=\"1918\" data-end=\"1952\">ISO 9001 - Syst\u00e8me de gestion de la qualit\u00e9<\/p>\r\n<\/li>\r\n \t<li data-start=\"1953\" data-end=\"1998\">\r\n<p data-start=\"1955\" data-end=\"1998\">Certificat de comp\u00e9tence professionnelle du personnel<\/p>\r\n<\/li>\r\n \t<li data-start=\"1999\" data-end=\"2039\">\r\n<p data-start=\"2001\" data-end=\"2039\">Certification de la formation et du service de l'\u00e9quipement<\/p>\r\n<\/li>\r\n<\/ul>\r\n<p data-start=\"2041\" data-end=\"2102\">Sur demande, nous serons heureux de fournir des documents ou des informations sp\u00e9cifiques.<\/p>\t\t\t\t\t\t\t\t<\/div>\n\t\t\t\t<\/div>\n\t\t\t\t\t<\/div>\n\t\t\t\t<\/div>\n\t\t\t\t<\/div>","protected":false},"excerpt":{"rendered":"<p>Nous croyons en la qualit\u00e9 et l'approche professionnelle. Nous d\u00e9tenons des certificats qui confirment nos capacit\u00e9s professionnelles, notre fiabilit\u00e9 et nos normes de travail. Nos certifications comprennent, par exemple: ISO 9001 - Syst\u00e8me de gestion de la qualit\u00e9 Certification de la comp\u00e9tence professionnelle du personnel Certification de la formation et du service des \u00e9quipements Sur demande, nous sommes heureux de fournir des documents ou des informations sp\u00e9cifiques.<\/p>","protected":false},"author":1,"featured_media":0,"parent":0,"menu_order":0,"comment_status":"closed","ping_status":"closed","template":"","meta":{"site-sidebar-layout":"default","site-content-layout":"","ast-site-content-layout":"default","site-content-style":"default","site-sidebar-style":"default","ast-global-header-display":"","ast-banner-title-visibility":"","ast-main-header-display":"","ast-hfb-above-header-display":"","ast-hfb-below-header-display":"","ast-hfb-mobile-header-display":"","site-post-title":"","ast-breadcrumbs-content":"","ast-featured-img":"","footer-sml-layout":"","ast-disable-related-posts":"","theme-transparent-header-meta":"disabled","adv-header-id-meta":"","stick-header-meta":"","header-above-stick-meta":"","header-main-stick-meta":"","header-below-stick-meta":"","astra-migrate-meta-layouts":"set","ast-page-background-enabled":"default","ast-page-background-meta":{"desktop":{"background-color":"","background-image":"","background-repeat":"repeat","background-position":"center center","background-size":"auto","background-attachment":"scroll","background-type":"","background-media":"","overlay-type":"","overlay-color":"","overlay-opacity":"","overlay-gradient":""},"tablet":{"background-color":"","background-image":"","background-repeat":"repeat","background-position":"center center","background-size":"auto","background-attachment":"scroll","background-type":"","background-media":"","overlay-type":"","overlay-color":"","overlay-opacity":"","overlay-gradient":""},"mobile":{"background-color":"","background-image":"","background-repeat":"repeat","background-position":"center center","background-size":"auto","background-attachment":"scroll","background-type":"","background-media":"","overlay-type":"","overlay-color":"","overlay-opacity":"","overlay-gradient":""}},"ast-content-background-meta":{"desktop":{"background-color":"var(--ast-global-color-5)","background-image":"","background-repeat":"repeat","background-position":"center center","background-size":"auto","background-attachment":"scroll","background-type":"","background-media":"","overlay-type":"","overlay-color":"","overlay-opacity":"","overlay-gradient":""},"tablet":{"background-color":"var(--ast-global-color-5)","background-image":"","background-repeat":"repeat","background-position":"center center","background-size":"auto","background-attachment":"scroll","background-type":"","background-media":"","overlay-type":"","overlay-color":"","overlay-opacity":"","overlay-gradient":""},"mobile":{"background-color":"var(--ast-global-color-5)","background-image":"","background-repeat":"repeat","background-position":"center center","background-size":"auto","background-attachment":"scroll","background-type":"","background-media":"","overlay-type":"","overlay-color":"","overlay-opacity":"","overlay-gradient":""}},"footnotes":""},"class_list":["post-1539","page","type-page","status-publish","hentry"],"_links":{"self":[{"href":"https:\/\/pematechnik.cz\/fr\/wp-json\/wp\/v2\/pages\/1539","targetHints":{"allow":["GET"]}}],"collection":[{"href":"https:\/\/pematechnik.cz\/fr\/wp-json\/wp\/v2\/pages"}],"about":[{"href":"https:\/\/pematechnik.cz\/fr\/wp-json\/wp\/v2\/types\/page"}],"author":[{"embeddable":true,"href":"https:\/\/pematechnik.cz\/fr\/wp-json\/wp\/v2\/users\/1"}],"replies":[{"embeddable":true,"href":"https:\/\/pematechnik.cz\/fr\/wp-json\/wp\/v2\/comments?post=1539"}],"version-history":[{"count":8,"href":"https:\/\/pematechnik.cz\/fr\/wp-json\/wp\/v2\/pages\/1539\/revisions"}],"predecessor-version":[{"id":2625,"href":"https:\/\/pematechnik.cz\/fr\/wp-json\/wp\/v2\/pages\/1539\/revisions\/2625"}],"wp:attachment":[{"href":"https:\/\/pematechnik.cz\/fr\/wp-json\/wp\/v2\/media?parent=1539"}],"curies":[{"name":"wp","href":"https:\/\/api.w.org\/{rel}","templated":true}]}}