{"id":1535,"date":"2025-05-26T15:48:32","date_gmt":"2025-05-26T15:48:32","guid":{"rendered":"https:\/\/pematechnik.cz\/?page_id=1535"},"modified":"2025-08-21T20:20:49","modified_gmt":"2025-08-21T20:20:49","slug":"cookies","status":"publish","type":"page","link":"https:\/\/pematechnik.cz\/fr\/cookies\/","title":{"rendered":"Cookies"},"content":{"rendered":"<div data-elementor-type=\"wp-page\" data-elementor-id=\"1535\" class=\"elementor elementor-1535\" data-elementor-post-type=\"page\">\n\t\t\t\t<div class=\"elementor-element elementor-element-5c890115 e-flex e-con-boxed e-con e-parent\" data-id=\"5c890115\" data-element_type=\"container\" data-e-type=\"container\">\n\t\t\t\t\t<div class=\"e-con-inner\">\n\t\t\t\t<div class=\"elementor-element elementor-element-5b6cfff elementor-widget elementor-widget-theme-post-title elementor-page-title elementor-widget-heading\" data-id=\"5b6cfff\" data-element_type=\"widget\" data-e-type=\"widget\" data-widget_type=\"theme-post-title.default\">\n\t\t\t\t<div class=\"elementor-widget-container\">\n\t\t\t\t\t<h2 class=\"elementor-heading-title elementor-size-default\">Cookies<\/h2>\t\t\t\t<\/div>\n\t\t\t\t<\/div>\n\t\t\t\t<div class=\"elementor-element elementor-element-84d4cc7 elementor-widget elementor-widget-text-editor\" data-id=\"84d4cc7\" data-element_type=\"widget\" data-e-type=\"widget\" data-widget_type=\"text-editor.default\">\n\t\t\t\t<div class=\"elementor-widget-container\">\n\t\t\t\t\t\t\t\t\t<p data-start=\"829\" data-end=\"1041\">Ce site utilise des cookies pour analyser le trafic et am\u00e9liorer les fonctionnalit\u00e9s. Les cookies sont de petits fichiers qui sont stock\u00e9s sur votre appareil et nous aident, par exemple, \u00e0 personnaliser le contenu ou \u00e0 mesurer les performances du site Web.<\/p>\r\n<p data-start=\"1043\" data-end=\"1075\"><strong data-start=\"1043\" data-end=\"1075\">Nous utilisons les types de cookies suivants:<\/strong><\/p>\r\n\r\n<ul data-start=\"1076\" data-end=\"1241\">\r\n \t<li data-start=\"1076\" data-end=\"1123\">\r\n<p data-start=\"1078\" data-end=\"1123\"><strong data-start=\"1078\" data-end=\"1091\">Technique<\/strong> \u2013 N\u00e9cessaire au fonctionnement du site web<\/p>\r\n<\/li>\r\n \t<li data-start=\"1124\" data-end=\"1189\">\r\n<p data-start=\"1126\" data-end=\"1189\"><strong data-start=\"1126\" data-end=\"1140\">Analytique<\/strong> \u2013 surveiller le trafic et am\u00e9liorer le site web<\/p>\r\n<\/li>\r\n \t<li data-start=\"1190\" data-end=\"1241\">\r\n<p data-start=\"1192\" data-end=\"1241\"><strong data-start=\"1192\" data-end=\"1208\">Marketing<\/strong> \u2013 uniquement avec le consentement de l\u2019utilisateur<\/p>\r\n<\/li>\r\n<\/ul>\r\n<p data-start=\"1243\" data-end=\"1358\">En utilisant ce site, vous acceptez le stockage de cookies. Vous pouvez modifier vos param\u00e8tres de cookies \u00e0 tout moment dans votre navigateur.<\/p>\t\t\t\t\t\t\t\t<\/div>\n\t\t\t\t<\/div>\n\t\t\t\t\t<\/div>\n\t\t\t\t<\/div>\n\t\t\t\t<\/div>","protected":false},"excerpt":{"rendered":"<p>Ce site utilise des cookies pour analyser le trafic et am\u00e9liorer les fonctionnalit\u00e9s. Les cookies sont de petits fichiers qui sont stock\u00e9s sur votre appareil et nous aident, par exemple, \u00e0 personnaliser le contenu ou \u00e0 mesurer les performances du site Web. Nous utilisons les types de cookies suivants: Technique \u2013 n\u00e9cessaire au fonctionnement du site web Analytical \u2013 pour surveiller le trafic et am\u00e9liorer le site web Marketing \u2013 uniquement avec le consentement de l\u2019utilisateur ...<\/p>","protected":false},"author":1,"featured_media":0,"parent":0,"menu_order":0,"comment_status":"closed","ping_status":"open","template":"","meta":{"site-sidebar-layout":"default","site-content-layout":"","ast-site-content-layout":"default","site-content-style":"default","site-sidebar-style":"default","ast-global-header-display":"","ast-banner-title-visibility":"","ast-main-header-display":"","ast-hfb-above-header-display":"","ast-hfb-below-header-display":"","ast-hfb-mobile-header-display":"","site-post-title":"","ast-breadcrumbs-content":"","ast-featured-img":"","footer-sml-layout":"","ast-disable-related-posts":"","theme-transparent-header-meta":"disabled","adv-header-id-meta":"","stick-header-meta":"","header-above-stick-meta":"","header-main-stick-meta":"","header-below-stick-meta":"","astra-migrate-meta-layouts":"set","ast-page-background-enabled":"default","ast-page-background-meta":{"desktop":{"background-color":"","background-image":"","background-repeat":"repeat","background-position":"center center","background-size":"auto","background-attachment":"scroll","background-type":"","background-media":"","overlay-type":"","overlay-color":"","overlay-opacity":"","overlay-gradient":""},"tablet":{"background-color":"","background-image":"","background-repeat":"repeat","background-position":"center center","background-size":"auto","background-attachment":"scroll","background-type":"","background-media":"","overlay-type":"","overlay-color":"","overlay-opacity":"","overlay-gradient":""},"mobile":{"background-color":"","background-image":"","background-repeat":"repeat","background-position":"center center","background-size":"auto","background-attachment":"scroll","background-type":"","background-media":"","overlay-type":"","overlay-color":"","overlay-opacity":"","overlay-gradient":""}},"ast-content-background-meta":{"desktop":{"background-color":"var(--ast-global-color-5)","background-image":"","background-repeat":"repeat","background-position":"center center","background-size":"auto","background-attachment":"scroll","background-type":"","background-media":"","overlay-type":"","overlay-color":"","overlay-opacity":"","overlay-gradient":""},"tablet":{"background-color":"var(--ast-global-color-5)","background-image":"","background-repeat":"repeat","background-position":"center center","background-size":"auto","background-attachment":"scroll","background-type":"","background-media":"","overlay-type":"","overlay-color":"","overlay-opacity":"","overlay-gradient":""},"mobile":{"background-color":"var(--ast-global-color-5)","background-image":"","background-repeat":"repeat","background-position":"center center","background-size":"auto","background-attachment":"scroll","background-type":"","background-media":"","overlay-type":"","overlay-color":"","overlay-opacity":"","overlay-gradient":""}},"footnotes":""},"class_list":["post-1535","page","type-page","status-publish","hentry"],"_links":{"self":[{"href":"https:\/\/pematechnik.cz\/fr\/wp-json\/wp\/v2\/pages\/1535","targetHints":{"allow":["GET"]}}],"collection":[{"href":"https:\/\/pematechnik.cz\/fr\/wp-json\/wp\/v2\/pages"}],"about":[{"href":"https:\/\/pematechnik.cz\/fr\/wp-json\/wp\/v2\/types\/page"}],"author":[{"embeddable":true,"href":"https:\/\/pematechnik.cz\/fr\/wp-json\/wp\/v2\/users\/1"}],"replies":[{"embeddable":true,"href":"https:\/\/pematechnik.cz\/fr\/wp-json\/wp\/v2\/comments?post=1535"}],"version-history":[{"count":8,"href":"https:\/\/pematechnik.cz\/fr\/wp-json\/wp\/v2\/pages\/1535\/revisions"}],"predecessor-version":[{"id":2634,"href":"https:\/\/pematechnik.cz\/fr\/wp-json\/wp\/v2\/pages\/1535\/revisions\/2634"}],"wp:attachment":[{"href":"https:\/\/pematechnik.cz\/fr\/wp-json\/wp\/v2\/media?parent=1535"}],"curies":[{"name":"wp","href":"https:\/\/api.w.org\/{rel}","templated":true}]}}