{"id":3,"date":"2025-04-25T16:51:15","date_gmt":"2025-04-25T16:51:15","guid":{"rendered":"https:\/\/pematechnik.cz\/?page_id=3"},"modified":"2025-08-21T20:20:37","modified_gmt":"2025-08-21T20:20:37","slug":"zasady-ochrany-osobnich-udaju","status":"publish","type":"page","link":"https:\/\/pematechnik.cz\/de\/zasady-ochrany-osobnich-udaju\/","title":{"rendered":"DSGVO - Datenschutzerkl\u00e4rung"},"content":{"rendered":"<div data-elementor-type=\"wp-page\" data-elementor-id=\"3\" class=\"elementor elementor-3\" data-elementor-post-type=\"page\">\n\t\t\t\t<div class=\"elementor-element elementor-element-1a3ddb21 e-flex e-con-boxed e-con e-parent\" data-id=\"1a3ddb21\" data-element_type=\"container\" data-e-type=\"container\">\n\t\t\t\t\t<div class=\"e-con-inner\">\n\t\t\t\t<div class=\"elementor-element elementor-element-55eacf5 elementor-widget elementor-widget-theme-post-title elementor-page-title elementor-widget-heading\" data-id=\"55eacf5\" data-element_type=\"widget\" data-e-type=\"widget\" data-widget_type=\"theme-post-title.default\">\n\t\t\t\t<div class=\"elementor-widget-container\">\n\t\t\t\t\t<h2 class=\"elementor-heading-title elementor-size-default\">DSGVO - Datenschutzerkl\u00e4rung<\/h2>\t\t\t\t<\/div>\n\t\t\t\t<\/div>\n\t\t\t\t<div class=\"elementor-element elementor-element-312713eb elementor-widget elementor-widget-text-editor\" data-id=\"312713eb\" data-element_type=\"widget\" data-e-type=\"widget\" data-widget_type=\"text-editor.default\">\n\t\t\t\t<div class=\"elementor-widget-container\">\n\t\t\t\t\t\t\t\t\t\r\n<h3 class=\"wp-block-heading\" data-start=\"205\" data-end=\"219\">Wer wir sind<\/h3>\r\n<p data-start=\"220\" data-end=\"531\">Website: <a class=\"\" href=\"https:\/\/pematechnik.cz\/de\/\" target=\"_new\" rel=\"noopener\" data-start=\"236\" data-end=\"292\">https:\/\/www.pematechnik.cz<\/a><br data-start=\"292\" data-end=\"295\" \/>Betreiber: <strong data-start=\"309\" data-end=\"333\">PEMA TECHNIK, s.r.o.<\/strong><br data-start=\"333\" data-end=\"336\" \/>Sitz: Anton\u00edn Va\u0161ka 184, 747 92 H\u00e1j ve Slezsku \u2013 Smolkov<br data-start=\"394\" data-end=\"397\" \/>Registrierungsnummer: 29463181<br data-start=\"410\" data-end=\"413\" \/>Datenfeld: kywra2g<br data-start=\"437\" data-end=\"440\" \/>E-Mail: <a class=\"cursor-pointer\" rel=\"noopener\" data-start=\"448\" data-end=\"501\">p.machovsky@seznam.cz<\/a><br data-start=\"501\" data-end=\"504\" \/>Tel.: +420 724 023 173<\/p>\r\n<hr data-start=\"533\" data-end=\"536\" \/>\r\n<h3 data-start=\"538\" data-end=\"580\">Welche personenbezogenen Daten wir erheben und warum<\/h3>\r\n<p data-start=\"582\" data-end=\"628\">Wir erfassen die folgenden Arten von personenbezogenen Daten:<\/p>\r\n<ul data-start=\"630\" data-end=\"962\">\r\n<li data-start=\"630\" data-end=\"713\">\r\n<p data-start=\"632\" data-end=\"713\"><strong data-start=\"632\" data-end=\"651\">Kontaktdaten<\/strong> (Name, E-Mail, Telefon) \u2013 beim Absenden des Kontaktformulars<\/p>\r\n<\/li>\r\n<li data-start=\"714\" data-end=\"818\">\r\n<p data-start=\"716\" data-end=\"818\"><strong data-start=\"716\" data-end=\"735\">Technische Daten<\/strong> (IP-Adresse, Cookies, Ger\u00e4tedaten) \u2013 um die Funktionalit\u00e4t und Analyse der Website sicherzustellen<\/p>\r\n<\/li>\r\n<li data-start=\"819\" data-end=\"895\">\r\n<p data-start=\"821\" data-end=\"895\"><strong data-start=\"821\" data-end=\"854\">Details zu Bestellungen\/Dienstleistungen<\/strong> \u2013 wenn ein Auftrag oder eine Forderung anh\u00e4ngig ist<\/p>\r\n<\/li>\r\n<li data-start=\"896\" data-end=\"962\">\r\n<p data-start=\"898\" data-end=\"962\"><strong data-start=\"898\" data-end=\"927\">Buchhaltungs- und Abrechnungsinformationen<\/strong> \u2013 zur Erf\u00fcllung gesetzlicher Verpflichtungen<\/p>\r\n<\/li>\r\n<\/ul>\r\n<p data-start=\"964\" data-end=\"995\">Wir sammeln Daten basierend auf:<\/p>\r\n<ul data-start=\"996\" data-end=\"1142\">\r\n<li data-start=\"996\" data-end=\"1016\">\r\n<p data-start=\"998\" data-end=\"1016\"><strong data-start=\"998\" data-end=\"1016\">Vertragserf\u00fcllung<\/strong><\/p>\r\n<\/li>\r\n<li data-start=\"1017\" data-end=\"1041\">\r\n<p data-start=\"1019\" data-end=\"1041\"><strong data-start=\"1019\" data-end=\"1041\">Rechtliche Verpflichtungen<\/strong><\/p>\r\n<\/li>\r\n<li data-start=\"1042\" data-end=\"1096\">\r\n<p data-start=\"1044\" data-end=\"1096\"><strong data-start=\"1044\" data-end=\"1065\">ein berechtigtes Interesse<\/strong> (z.B. Schutz vor Missbrauch)<\/p>\r\n<\/li>\r\n<li data-start=\"1097\" data-end=\"1142\">\r\n<p data-start=\"1099\" data-end=\"1142\"><strong data-start=\"1099\" data-end=\"1111\">Zustimmung<\/strong> (z.B. Cookies und Marketing)<\/p>\r\n<\/li>\r\n<\/ul>\r\n<hr data-start=\"1144\" data-end=\"1147\" \/>\r\n<h3 data-start=\"1149\" data-end=\"1164\">Anmerkungen<\/h3>\r\n<p data-start=\"1165\" data-end=\"1261\">Wir erlauben keine Kommentare auf dieser Website, daher sammeln wir keine Daten auf diese Weise.<\/p>\r\n<hr data-start=\"1263\" data-end=\"1266\" \/>\r\n<h3 data-start=\"1268\" data-end=\"1279\">Medien<\/h3>\r\n<p data-start=\"1280\" data-end=\"1328\">Besucher k\u00f6nnen keine Medien auf diese Website hochladen.<\/p>\r\n<hr data-start=\"1330\" data-end=\"1333\" \/>\r\n<h3 data-start=\"1335\" data-end=\"1360\">Kontaktformulare<\/h3>\r\n<p data-start=\"1361\" data-end=\"1549\">Beim Absenden des Kontaktformulars speichern wir die \u00fcbermittelten Daten (Name, E-Mail, Nachricht) f\u00fcr 6 Monate zu Kommunikationszwecken. Diese Daten werden ohne Einwilligung nicht f\u00fcr Marketingzwecke verwendet.<\/p>\r\n<hr data-start=\"1551\" data-end=\"1554\" \/>\r\n<h3 data-start=\"1556\" data-end=\"1569\">Cookies<\/h3>\r\n<p data-start=\"1570\" data-end=\"1608\">Diese Website kann Cookies verwenden, um:<\/p>\r\n<ul data-start=\"1609\" data-end=\"1707\">\r\n<li data-start=\"1609\" data-end=\"1637\">\r\n<p data-start=\"1611\" data-end=\"1637\"><strong data-start=\"1611\" data-end=\"1635\">Grundfunktionen der Website<\/strong><\/p>\r\n<\/li>\r\n<li data-start=\"1638\" data-end=\"1687\">\r\n<p data-start=\"1640\" data-end=\"1687\"><strong data-start=\"1640\" data-end=\"1685\">analytische Zwecke (z. Was ist Google Analytics?<\/strong><\/p>\r\n<\/li>\r\n<li data-start=\"1688\" data-end=\"1707\">\r\n<p data-start=\"1690\" data-end=\"1707\"><strong data-start=\"1690\" data-end=\"1705\">Sicherheit<\/strong><\/p>\r\n<\/li>\r\n<\/ul>\r\n<p data-start=\"1709\" data-end=\"1802\">Beim ersten Besuch der Website wird der Besucher \u00fcber die Verwendung von Cookies informiert und hat die M\u00f6glichkeit, diese zu verwalten.<\/p>\r\n<hr data-start=\"1804\" data-end=\"1807\" \/>\r\n<h3 data-start=\"1809\" data-end=\"1824\">Analytische<\/h3>\r\n<p data-start=\"1825\" data-end=\"2015\">Wir nutzen den Service <strong data-start=\"1842\" data-end=\"1862\">Google Analytics<\/strong>, was uns hilft, das anonyme Verhalten der Besucher zu \u00fcberwachen. Benutzer k\u00f6nnen sich abmelden mit <a class=\"cursor-pointer\" target=\"_new\" rel=\"noopener\" data-start=\"1955\" data-end=\"2014\">Google-Tools<\/a>.<\/p>\r\n<hr data-start=\"2017\" data-end=\"2020\" \/>\r\n<h3 data-start=\"2022\" data-end=\"2052\">Mit wem wir Ihre Daten teilen<\/h3>\r\n<p data-start=\"2053\" data-end=\"2103\">Die Daten k\u00f6nnen an folgende Dritte weitergegeben werden:<\/p>\r\n<ul data-start=\"2104\" data-end=\"2239\">\r\n<li data-start=\"2104\" data-end=\"2130\">\r\n<p data-start=\"2106\" data-end=\"2130\">Web-Hosting-Unternehmen<\/p>\r\n<\/li>\r\n<li data-start=\"2131\" data-end=\"2182\">\r\n<p data-start=\"2133\" data-end=\"2182\">Anbieter von Analysewerkzeugen (z. Google)<\/p>\r\n<\/li>\r\n<li data-start=\"2183\" data-end=\"2239\">\r\n<p data-start=\"2185\" data-end=\"2239\">Alternativ kann eine Wirtschaftspr\u00fcfungsgesellschaft gesetzlichen Verpflichtungen nachkommen<\/p>\r\n<\/li>\r\n<\/ul>\r\n<p data-start=\"2241\" data-end=\"2309\">Alle diese Unternehmen sind an die Verpflichtung zum Schutz personenbezogener Daten gebunden.<\/p>\r\n<hr data-start=\"2311\" data-end=\"2314\" \/>\r\n<h3 data-start=\"2316\" data-end=\"2354\">Wie lange wir Ihre Daten aufbewahren<\/h3>\r\n<ul data-start=\"2355\" data-end=\"2535\">\r\n<li data-start=\"2355\" data-end=\"2402\">\r\n<p data-start=\"2357\" data-end=\"2402\">Daten aus Kontaktformularen: <strong data-start=\"2388\" data-end=\"2400\">6 Monate<\/strong><\/p>\r\n<\/li>\r\n<li data-start=\"2403\" data-end=\"2448\">\r\n<p data-start=\"2405\" data-end=\"2448\">Angaben zur Rechnungsstellung: <strong data-start=\"2423\" data-end=\"2446\">10 Jahre (gem\u00e4\u00df Gesetz)<\/strong><\/p>\r\n<\/li>\r\n<li data-start=\"2449\" data-end=\"2502\">\r\n<p data-start=\"2451\" data-end=\"2502\">Cookies: Entsprechend ihrer G\u00fcltigkeit (in der Regel bis zu 1 Jahr)<\/p>\r\n<\/li>\r\n<li data-start=\"2503\" data-end=\"2535\">\r\n<p data-start=\"2505\" data-end=\"2535\">Analytische Daten: <strong data-start=\"2522\" data-end=\"2535\">12 Monate<\/strong><\/p>\r\n<\/li>\r\n<\/ul>\r\n<hr data-start=\"2537\" data-end=\"2540\" \/>\r\n<h3 data-start=\"2542\" data-end=\"2564\">Welche Rechte haben Sie?<\/h3>\r\n<p data-start=\"2565\" data-end=\"2576\">Sie haben das Recht:<\/p>\r\n<ul data-start=\"2577\" data-end=\"2752\">\r\n<li data-start=\"2577\" data-end=\"2606\">\r\n<p data-start=\"2579\" data-end=\"2606\">Zugang zu personenbezogenen Daten<\/p>\r\n<\/li>\r\n<li data-start=\"2607\" data-end=\"2635\">\r\n<p data-start=\"2609\" data-end=\"2635\">Berichtigung unrichtiger Daten<\/p>\r\n<\/li>\r\n<li data-start=\"2636\" data-end=\"2668\">\r\n<p data-start=\"2638\" data-end=\"2668\">Recht auf Vergessenwerden (Recht auf Vergessenwerden)<\/p>\r\n<\/li>\r\n<li data-start=\"2669\" data-end=\"2692\">\r\n<p data-start=\"2671\" data-end=\"2692\">Einschr\u00e4nkung der Verarbeitung<\/p>\r\n<\/li>\r\n<li data-start=\"2693\" data-end=\"2726\">\r\n<p data-start=\"2695\" data-end=\"2726\">Widerspruch gegen die Verarbeitung<\/p>\r\n<\/li>\r\n<li data-start=\"2727\" data-end=\"2752\">\r\n<p data-start=\"2729\" data-end=\"2752\">Zur Daten\u00fcbertragbarkeit<\/p>\r\n<\/li>\r\n<\/ul>\r\n<p data-start=\"2754\" data-end=\"2867\">Bei Zweifeln an der Rechtm\u00e4\u00dfigkeit der Verarbeitung k\u00f6nnen Sie sich an das Amt f\u00fcr den Schutz personenbezogener Daten wenden (<a class=\"\" href=\"http:\/\/www.uoou.cz\" target=\"_new\" rel=\"noopener\" data-start=\"2854\" data-end=\"2865\">www.uoou.cz<\/a>).<\/p>\r\n<hr data-start=\"2869\" data-end=\"2872\" \/>\r\n<h3 data-start=\"2874\" data-end=\"2902\">Wohin wir Ihre Daten senden<\/h3>\r\n<p data-start=\"2903\" data-end=\"3088\">Die Daten werden innerhalb der EU verarbeitet und gespeichert. Erfolgt die \u00dcbermittlung au\u00dferhalb der EU, gew\u00e4hrleisten wir einen angemessenen Schutz nach geltendem Recht (z.B. Standardvertragsklauseln).<\/p>\r\n<hr data-start=\"3090\" data-end=\"3093\" \/>\r\n<h3 data-start=\"3095\" data-end=\"3131\">Wie wir Ihre personenbezogenen Daten sch\u00fctzen<\/h3>\r\n<ul data-start=\"3132\" data-end=\"3325\">\r\n<li data-start=\"3132\" data-end=\"3175\">\r\n<p data-start=\"3134\" data-end=\"3175\">SSL-Zertifikat f\u00fcr verschl\u00fcsselte Daten\u00fcbertragung<\/p>\r\n<\/li>\r\n<li data-start=\"3176\" data-end=\"3224\">\r\n<p data-start=\"3178\" data-end=\"3224\">Schutz der Zugriffe auf die Administrationsschnittstelle<\/p>\r\n<\/li>\r\n<li data-start=\"3225\" data-end=\"3269\">\r\n<p data-start=\"3227\" data-end=\"3269\">Regelm\u00e4\u00dfige System- und Plugin-Updates<\/p>\r\n<\/li>\r\n<li data-start=\"3270\" data-end=\"3325\">\r\n<p data-start=\"3272\" data-end=\"3325\">Physische Sicherheit der Server des Webhosting-Anbieters<\/p>\r\n<\/li>\r\n<\/ul>\r\n<hr data-start=\"3327\" data-end=\"3330\" \/>\r\n<h3 data-start=\"3332\" data-end=\"3375\">Was sind unsere Verfahren zum Durchsickern von Informationen?<\/h3>\r\n<p data-start=\"3376\" data-end=\"3515\">Im Falle eines Vorfalls werden wir das Amt f\u00fcr den Schutz personenbezogener Daten und betroffene Personen unverz\u00fcglich benachrichtigen, wenn sensible Daten durchgesickert sind.<\/p>\r\n<hr data-start=\"3517\" data-end=\"3520\" \/>\r\n<h3 data-start=\"3522\" data-end=\"3575\">Von welchen Dritten erhalten wir personenbezogene Daten?<\/h3>\r\n<p data-start=\"3576\" data-end=\"3624\">Wir erheben keine personenbezogenen Daten von Dritten.<\/p>\r\n<hr data-start=\"3626\" data-end=\"3629\" \/>\r\n<h3 data-start=\"3631\" data-end=\"3677\">Automatisierte Entscheidungsfindung und Profiling<\/h3>\r\n<p data-start=\"3678\" data-end=\"3743\">Es gibt keine automatisierte Entscheidungsfindung oder Profiling.<\/p>\r\n<hr data-start=\"3745\" data-end=\"3748\" \/>\r\n<h3 data-start=\"3750\" data-end=\"3798\">Informationspflicht der regulierten Industrie<\/h3>\r\n<p data-start=\"3799\" data-end=\"3904\">Unser Unternehmen ist kein Mitglied der regulierten Industrie und unterliegt in diesem Bereich keiner spezifischen Gesetzgebung.<\/p>\t\t\t\t\t\t\t\t<\/div>\n\t\t\t\t<\/div>\n\t\t\t\t\t<\/div>\n\t\t\t\t<\/div>\n\t\t\t\t<\/div>","protected":false},"excerpt":{"rendered":"<p>Wer wir sind Website: https:\/\/www.pematechnik.czBetreiber: PEMA TECHNIK, s.r.o. Anton\u00edn Va\u0161ka 184, 747 92 H\u00e1j ve Slezsku \u2013 SmolkovI\u010cO: 29463181Datenfeld: kywra2gE-Mail: p.machovsky@seznam.czTelefon: +420 724 023 173 Welche personenbezogenen Daten erheben wir und warum erheben wir die folgenden Arten personenbezogener Daten: Kontaktdaten (Name, E-Mail, Telefon) \u2013 beim Absenden des Kontaktformulars Technische Daten (IP-Adresse, Cookies, Ger\u00e4tedaten) [...]<\/p>","protected":false},"author":1,"featured_media":0,"parent":0,"menu_order":0,"comment_status":"closed","ping_status":"open","template":"","meta":{"site-sidebar-layout":"default","site-content-layout":"","ast-site-content-layout":"default","site-content-style":"default","site-sidebar-style":"default","ast-global-header-display":"","ast-banner-title-visibility":"","ast-main-header-display":"","ast-hfb-above-header-display":"","ast-hfb-below-header-display":"","ast-hfb-mobile-header-display":"","site-post-title":"","ast-breadcrumbs-content":"","ast-featured-img":"","footer-sml-layout":"","ast-disable-related-posts":"","theme-transparent-header-meta":"disabled","adv-header-id-meta":"","stick-header-meta":"","header-above-stick-meta":"","header-main-stick-meta":"","header-below-stick-meta":"","astra-migrate-meta-layouts":"set","ast-page-background-enabled":"default","ast-page-background-meta":{"desktop":{"background-color":"","background-image":"","background-repeat":"repeat","background-position":"center center","background-size":"auto","background-attachment":"scroll","background-type":"","background-media":"","overlay-type":"","overlay-color":"","overlay-opacity":"","overlay-gradient":""},"tablet":{"background-color":"","background-image":"","background-repeat":"repeat","background-position":"center center","background-size":"auto","background-attachment":"scroll","background-type":"","background-media":"","overlay-type":"","overlay-color":"","overlay-opacity":"","overlay-gradient":""},"mobile":{"background-color":"","background-image":"","background-repeat":"repeat","background-position":"center center","background-size":"auto","background-attachment":"scroll","background-type":"","background-media":"","overlay-type":"","overlay-color":"","overlay-opacity":"","overlay-gradient":""}},"ast-content-background-meta":{"desktop":{"background-color":"var(--ast-global-color-5)","background-image":"","background-repeat":"repeat","background-position":"center center","background-size":"auto","background-attachment":"scroll","background-type":"","background-media":"","overlay-type":"","overlay-color":"","overlay-opacity":"","overlay-gradient":""},"tablet":{"background-color":"var(--ast-global-color-5)","background-image":"","background-repeat":"repeat","background-position":"center center","background-size":"auto","background-attachment":"scroll","background-type":"","background-media":"","overlay-type":"","overlay-color":"","overlay-opacity":"","overlay-gradient":""},"mobile":{"background-color":"var(--ast-global-color-5)","background-image":"","background-repeat":"repeat","background-position":"center center","background-size":"auto","background-attachment":"scroll","background-type":"","background-media":"","overlay-type":"","overlay-color":"","overlay-opacity":"","overlay-gradient":""}},"footnotes":""},"class_list":["post-3","page","type-page","status-publish","hentry"],"_links":{"self":[{"href":"https:\/\/pematechnik.cz\/de\/wp-json\/wp\/v2\/pages\/3","targetHints":{"allow":["GET"]}}],"collection":[{"href":"https:\/\/pematechnik.cz\/de\/wp-json\/wp\/v2\/pages"}],"about":[{"href":"https:\/\/pematechnik.cz\/de\/wp-json\/wp\/v2\/types\/page"}],"author":[{"embeddable":true,"href":"https:\/\/pematechnik.cz\/de\/wp-json\/wp\/v2\/users\/1"}],"replies":[{"embeddable":true,"href":"https:\/\/pematechnik.cz\/de\/wp-json\/wp\/v2\/comments?post=3"}],"version-history":[{"count":11,"href":"https:\/\/pematechnik.cz\/de\/wp-json\/wp\/v2\/pages\/3\/revisions"}],"predecessor-version":[{"id":2631,"href":"https:\/\/pematechnik.cz\/de\/wp-json\/wp\/v2\/pages\/3\/revisions\/2631"}],"wp:attachment":[{"href":"https:\/\/pematechnik.cz\/de\/wp-json\/wp\/v2\/media?parent=3"}],"curies":[{"name":"wp","href":"https:\/\/api.w.org\/{rel}","templated":true}]}}