{"id":1535,"date":"2025-05-26T15:48:32","date_gmt":"2025-05-26T15:48:32","guid":{"rendered":"https:\/\/pematechnik.cz\/?page_id=1535"},"modified":"2025-08-21T20:20:49","modified_gmt":"2025-08-21T20:20:49","slug":"cookies","status":"publish","type":"page","link":"https:\/\/pematechnik.cz\/de\/cookies\/","title":{"rendered":"Cookies"},"content":{"rendered":"<div data-elementor-type=\"wp-page\" data-elementor-id=\"1535\" class=\"elementor elementor-1535\" data-elementor-post-type=\"page\">\n\t\t\t\t<div class=\"elementor-element elementor-element-5c890115 e-flex e-con-boxed e-con e-parent\" data-id=\"5c890115\" data-element_type=\"container\" data-e-type=\"container\">\n\t\t\t\t\t<div class=\"e-con-inner\">\n\t\t\t\t<div class=\"elementor-element elementor-element-5b6cfff elementor-widget elementor-widget-theme-post-title elementor-page-title elementor-widget-heading\" data-id=\"5b6cfff\" data-element_type=\"widget\" data-e-type=\"widget\" data-widget_type=\"theme-post-title.default\">\n\t\t\t\t<div class=\"elementor-widget-container\">\n\t\t\t\t\t<h2 class=\"elementor-heading-title elementor-size-default\">Cookies<\/h2>\t\t\t\t<\/div>\n\t\t\t\t<\/div>\n\t\t\t\t<div class=\"elementor-element elementor-element-84d4cc7 elementor-widget elementor-widget-text-editor\" data-id=\"84d4cc7\" data-element_type=\"widget\" data-e-type=\"widget\" data-widget_type=\"text-editor.default\">\n\t\t\t\t<div class=\"elementor-widget-container\">\n\t\t\t\t\t\t\t\t\t<p data-start=\"829\" data-end=\"1041\">Diese Website verwendet Cookies, um den Datenverkehr zu analysieren und die Funktionalit\u00e4t zu verbessern. Cookies sind kleine Dateien, die auf Ihrem Ger\u00e4t gespeichert werden und uns beispielsweise helfen, Inhalte anzupassen oder die Leistung der Website zu messen.<\/p>\r\n<p data-start=\"1043\" data-end=\"1075\"><strong data-start=\"1043\" data-end=\"1075\">Wir verwenden die folgenden Arten von Cookies:<\/strong><\/p>\r\n\r\n<ul data-start=\"1076\" data-end=\"1241\">\r\n \t<li data-start=\"1076\" data-end=\"1123\">\r\n<p data-start=\"1078\" data-end=\"1123\"><strong data-start=\"1078\" data-end=\"1091\">Technische<\/strong> \u2013 Notwendig f\u00fcr das Funktionieren der Website<\/p>\r\n<\/li>\r\n \t<li data-start=\"1124\" data-end=\"1189\">\r\n<p data-start=\"1126\" data-end=\"1189\"><strong data-start=\"1126\" data-end=\"1140\">Analytische<\/strong> \u2013 zur \u00dcberwachung des Datenverkehrs und zur Verbesserung der Website<\/p>\r\n<\/li>\r\n \t<li data-start=\"1190\" data-end=\"1241\">\r\n<p data-start=\"1192\" data-end=\"1241\"><strong data-start=\"1192\" data-end=\"1208\">Marketing<\/strong> \u2013 nur mit Zustimmung des Nutzers<\/p>\r\n<\/li>\r\n<\/ul>\r\n<p data-start=\"1243\" data-end=\"1358\">Durch die Nutzung dieser Website erkl\u00e4ren Sie sich mit der Speicherung von Cookies einverstanden. Sie k\u00f6nnen Ihre Cookie-Einstellungen jederzeit in Ihrem Browser \u00e4ndern.<\/p>\t\t\t\t\t\t\t\t<\/div>\n\t\t\t\t<\/div>\n\t\t\t\t\t<\/div>\n\t\t\t\t<\/div>\n\t\t\t\t<\/div>","protected":false},"excerpt":{"rendered":"<p>Diese Website verwendet Cookies, um den Datenverkehr zu analysieren und die Funktionalit\u00e4t zu verbessern. Cookies sind kleine Dateien, die auf Ihrem Ger\u00e4t gespeichert werden und uns beispielsweise helfen, Inhalte anzupassen oder die Leistung der Website zu messen. Wir verwenden die folgenden Arten von Cookies: Technisch \u2013 erforderlich f\u00fcr den Betrieb der Analytical-Website \u2013 zur \u00dcberwachung des Datenverkehrs und zur Verbesserung der Marketing-Website \u2013 nur mit Zustimmung des Nutzers ...<\/p>","protected":false},"author":1,"featured_media":0,"parent":0,"menu_order":0,"comment_status":"closed","ping_status":"open","template":"","meta":{"site-sidebar-layout":"default","site-content-layout":"","ast-site-content-layout":"default","site-content-style":"default","site-sidebar-style":"default","ast-global-header-display":"","ast-banner-title-visibility":"","ast-main-header-display":"","ast-hfb-above-header-display":"","ast-hfb-below-header-display":"","ast-hfb-mobile-header-display":"","site-post-title":"","ast-breadcrumbs-content":"","ast-featured-img":"","footer-sml-layout":"","ast-disable-related-posts":"","theme-transparent-header-meta":"disabled","adv-header-id-meta":"","stick-header-meta":"","header-above-stick-meta":"","header-main-stick-meta":"","header-below-stick-meta":"","astra-migrate-meta-layouts":"set","ast-page-background-enabled":"default","ast-page-background-meta":{"desktop":{"background-color":"","background-image":"","background-repeat":"repeat","background-position":"center center","background-size":"auto","background-attachment":"scroll","background-type":"","background-media":"","overlay-type":"","overlay-color":"","overlay-opacity":"","overlay-gradient":""},"tablet":{"background-color":"","background-image":"","background-repeat":"repeat","background-position":"center center","background-size":"auto","background-attachment":"scroll","background-type":"","background-media":"","overlay-type":"","overlay-color":"","overlay-opacity":"","overlay-gradient":""},"mobile":{"background-color":"","background-image":"","background-repeat":"repeat","background-position":"center center","background-size":"auto","background-attachment":"scroll","background-type":"","background-media":"","overlay-type":"","overlay-color":"","overlay-opacity":"","overlay-gradient":""}},"ast-content-background-meta":{"desktop":{"background-color":"var(--ast-global-color-5)","background-image":"","background-repeat":"repeat","background-position":"center center","background-size":"auto","background-attachment":"scroll","background-type":"","background-media":"","overlay-type":"","overlay-color":"","overlay-opacity":"","overlay-gradient":""},"tablet":{"background-color":"var(--ast-global-color-5)","background-image":"","background-repeat":"repeat","background-position":"center center","background-size":"auto","background-attachment":"scroll","background-type":"","background-media":"","overlay-type":"","overlay-color":"","overlay-opacity":"","overlay-gradient":""},"mobile":{"background-color":"var(--ast-global-color-5)","background-image":"","background-repeat":"repeat","background-position":"center center","background-size":"auto","background-attachment":"scroll","background-type":"","background-media":"","overlay-type":"","overlay-color":"","overlay-opacity":"","overlay-gradient":""}},"footnotes":""},"class_list":["post-1535","page","type-page","status-publish","hentry"],"_links":{"self":[{"href":"https:\/\/pematechnik.cz\/de\/wp-json\/wp\/v2\/pages\/1535","targetHints":{"allow":["GET"]}}],"collection":[{"href":"https:\/\/pematechnik.cz\/de\/wp-json\/wp\/v2\/pages"}],"about":[{"href":"https:\/\/pematechnik.cz\/de\/wp-json\/wp\/v2\/types\/page"}],"author":[{"embeddable":true,"href":"https:\/\/pematechnik.cz\/de\/wp-json\/wp\/v2\/users\/1"}],"replies":[{"embeddable":true,"href":"https:\/\/pematechnik.cz\/de\/wp-json\/wp\/v2\/comments?post=1535"}],"version-history":[{"count":8,"href":"https:\/\/pematechnik.cz\/de\/wp-json\/wp\/v2\/pages\/1535\/revisions"}],"predecessor-version":[{"id":2634,"href":"https:\/\/pematechnik.cz\/de\/wp-json\/wp\/v2\/pages\/1535\/revisions\/2634"}],"wp:attachment":[{"href":"https:\/\/pematechnik.cz\/de\/wp-json\/wp\/v2\/media?parent=1535"}],"curies":[{"name":"wp","href":"https:\/\/api.w.org\/{rel}","templated":true}]}}